{"id":175,"date":"2023-03-03T06:25:22","date_gmt":"2023-03-03T05:25:22","guid":{"rendered":"http:\/\/pulp-production.com\/?page_id=175"},"modified":"2023-03-08T16:32:33","modified_gmt":"2023-03-08T15:32:33","slug":"gdpr","status":"publish","type":"page","link":"https:\/\/pulp-production.com\/fr\/gdpr\/","title":{"rendered":"GDPR"},"content":{"rendered":"<h3>GDPR PULP PRODUCTION<\/h3>\n<p>Chez Pulp Production marque de la soci\u00e9t\u00e9 DEZUTTER GROUP SRL , nous accordons la plus haute importance \u00e0 la protection de la vie priv\u00e9e et nous respectons les dispositions de la r\u00e9glementation europ\u00e9enne sur la protection des donn\u00e9es \u00e0 caract\u00e8re personnel, le R\u00e8glement G\u00e9n\u00e9ral sur la Protection des Donn\u00e9es (RGPD). Cette politique de confidentialit\u00e9 d\u00e9crit les types de donn\u00e9es que nous collectons et la mani\u00e8re dont nous les traitons.<\/p>\n<p>DEZUTTER GROUP SRL stocke et ne confie ses donn\u00e9es qu\u2019en Europe ou \u00e0 des fournisseurs hors Europe \u201cGDPR compliant\u201d et de mani\u00e8re crypt\u00e9e en ce qui concerne les donn\u00e9es \u00e0 caract\u00e8res personnelles, pour des raisons de s\u00e9curit\u00e9, des backups crypt\u00e9s \u00e0 l\u2019aide d\u2019algorithmes AES \u00e0 2048 bits et 128 boucles peuvent \u00eatres stock\u00e9s en dehors de l&rsquo;Europe.<\/p>\n<p>DEZUTTER GROUP SRL tient \u00e0 disposition des autorit\u00e9s de contr\u00f4le, conform\u00e9ment au RGPD :<br \/>\n\u2013 le registre des traitements ;<br \/>\n\u2013 les analyses d\u2019impact sur la protection des donn\u00e9es ;<br \/>\n\u2013 l\u2019encadrement des transferts de donn\u00e9es hors de l\u2019Union europ\u00e9enne ;<br \/>\n\u2013 les mentions d\u2019information, les mod\u00e8les de recueil du consentement des personnes concern\u00e9es et les proc\u00e9dures mises en place pour l\u2019exercice des droits ;<br \/>\n\u2013 les contrats avec les sous-traitants, adjudicataires des march\u00e9s publics ;<br \/>\n\u2013 les proc\u00e9dures internes en cas de violations de donn\u00e9es ;<br \/>\n\u2013 les preuves de ce que les personnes concern\u00e9es ont donn\u00e9 leur consentement lorsque le traitement de leurs donn\u00e9es repose sur cette base.<\/p>\n<p>Donn\u00e9es statistiques des visisteurs des sites de l\u2019entreprise :<\/p>\n<p>Les donn\u00e9es statistiques brutes des visiteurs, collect\u00e9es par des syst\u00e8mes tiers permettant, via, entre-autre, adresse IP d\u2019identifier les visiteurs sont agr\u00e9g\u00e9es d\u00e8s que cela est r\u00e9aliste afin de ne conserver que des tendances et ne le sera jamais dans le but de conserver les habitudes d\u2019un utilisateur en particulier, ce qui serait contraire \u00e0 la politique de DEZUTTER GROUP SRL<\/p>\n<p>Les donn\u00e9es ne sont conserv\u00e9es que durant la dur\u00e9e n\u00e9cessaire au traitement de celles-ci et dans le but confi\u00e9 par l\u2019utilisateur (exemple : une candidature sera conserv\u00e9e pour \u00eatre reprise lors d\u2019une nouvelle s\u00e9lection sauf si le candidat\/la candidate en fait une demande contraire ou sera conserv\u00e9e la dur\u00e9e impos\u00e9e par l\u2019office de contr\u00f4le du ch\u00f4mage aux fin de pouvoir r\u00e9pondre aux prescris l\u00e9gaux en la mati\u00e8re).<\/p>\n<p>Droit \u00e0 l\u2019oubli et de consultation :<\/p>\n<p>Toute personne priv\u00e9e qui souhaite obtenir les copies des donn\u00e9es qui le\/la concerne peut en faire la demande par envoi d\u2019un courrier recommand\u00e9 au si\u00e8ge de la soci\u00e9t\u00e9, en y joignant une preuve d\u2019identit\u00e9.<\/p>\n<p>Il en va de m\u00eame pour toute demande de suppression, entendu que DEZUTTER GROUP SRL pourra en cas de demande de suppression, agr\u00e9ger les donn\u00e9es de cette personne priv\u00e9e en l\u2019anonymisant, entre-autre si une obligation l\u00e9gale l\u2019y contraint.<\/p>\n<p>Cette politique \u00e9voluera en fonction des \u00e9volutions de la jurisprudence et des instructions des autorit\u00e9s de contr\u00f4le de la protection de la vie priv\u00e9e. Visitez donc cette page r\u00e9guli\u00e8rement.<\/p>\n<p>Politique en mati\u00e8re de cookies<\/p>\n<p>Cette page fait partie de notre Politique de confidentialit\u00e9 et d\u00e9crit l\u2019utilisation de cookies sur notre site web.<\/p>\n<p>La plupart des sites web sur lesquels vous vous rendez utiliseront des cookies afin d\u2019am\u00e9liorer votre exp\u00e9rience d\u2019utilisateur en permettant \u00e0 ce site web de se \u00ab souvenir \u00bb de vous, soit pour la dur\u00e9e de votre visite (en utilisant un \u00ab cookie de session \u00bb), soit pour vos visites r\u00e9p\u00e9t\u00e9es (\u00ab cookie persistant \u00bb). Cette politique explique notre proc\u00e9d\u00e9 d\u2019utilisation.<\/p>\n<p>Certains sites web utiliseront \u00e9galement des cookies pour leur permettre de cibler leurs messages publicitaires ou marketing en se basant, par exemple, sur votre lieu de r\u00e9sidence et\/ou vos habitudes en termes de navigation.<\/p>\n<p>Qu\u2019est-ce qu\u2019un cookie ?<\/p>\n<p>Les cookies sont de petits fichiers de donn\u00e9es (en g\u00e9n\u00e9ral des nombres et des lettres) qu\u2019un site web place dans votre ordinateur ou appareil mobile lors de votre premi\u00e8re visite. Le cookie aidera ce site web, ou un autre site, \u00e0 reconna\u00eetre votre appareil lors de votre prochaine visite. Les pixels espions (\u00ab web beacons \u00bb) ou autres fichiers similaires peuvent \u00e9galement faire la m\u00eame chose. Dans cette politique, nous employons le terme \u00ab cookies \u00bb pour faire r\u00e9f\u00e9rence \u00e0 tous les fichiers qui r\u00e9cup\u00e8rent ainsi les informations.<\/p>\n<p>Les cookies ont de nombreuses fonctionnalit\u00e9s, ils permettent par exemple de naviguer plus efficacement, de stocker vos pr\u00e9f\u00e9rences et d\u2019am\u00e9liorer votre exp\u00e9rience g\u00e9n\u00e9rale d\u2019un site web. Gr\u00e2ce aux cookies, l\u2019interaction entre le site web et vous est plus rapide et plus facile. Si un site web n\u2019utilise pas de cookies, il pensera que vous \u00eates un nouveau visiteur \u00e0 chaque fois que vous irez sur une nouvelle page du site \u2014 par exemple, lorsque vous entrerez votre identifiant et mot de passe et que vous irez sur une autre page, il ne vous reconna\u00eetra pas et vous ne pourrez pas rester connect\u00e9.<\/p>\n<p>Certains cookies contiennent des informations personnelles \u2014 par exemple, si vous cliquez sur \u00ab se souvenir de moi \u00bb en vous connectant, un cookie stockera votre nom d\u2019utilisateur. La plupart des cookies ne r\u00e9cup\u00e9reront pas des informations permettant de vous identifier, mais r\u00e9cup\u00e9reront plut\u00f4t des informations plus g\u00e9n\u00e9rales : comment un utilisateur arrive sur un site web, quelle utilisation il en fait, ou encore le lieu de r\u00e9sidence d\u2019un utilisateur.<\/p>\n","protected":false},"excerpt":{"rendered":"<p>GDPR PULP PRODUCTION Chez Pulp Production marque de la soci\u00e9t\u00e9 DEZUTTER GROUP SRL , nous accordons la plus haute importance \u00e0 la protection de la vie priv\u00e9e et nous respectons les dispositions de la r\u00e9glementation europ\u00e9enne sur la protection des donn\u00e9es \u00e0 caract\u00e8re personnel, le R\u00e8glement G\u00e9n\u00e9ral sur la Protection des Donn\u00e9es (RGPD). Cette politique [&hellip;]<\/p>\n","protected":false},"author":2,"featured_media":0,"parent":0,"menu_order":0,"comment_status":"closed","ping_status":"closed","template":"","meta":{"footnotes":""},"class_list":["post-175","page","type-page","status-publish","hentry"],"acf":[],"_links":{"self":[{"href":"https:\/\/pulp-production.com\/fr\/wp-json\/wp\/v2\/pages\/175","targetHints":{"allow":["GET"]}}],"collection":[{"href":"https:\/\/pulp-production.com\/fr\/wp-json\/wp\/v2\/pages"}],"about":[{"href":"https:\/\/pulp-production.com\/fr\/wp-json\/wp\/v2\/types\/page"}],"author":[{"embeddable":true,"href":"https:\/\/pulp-production.com\/fr\/wp-json\/wp\/v2\/users\/2"}],"replies":[{"embeddable":true,"href":"https:\/\/pulp-production.com\/fr\/wp-json\/wp\/v2\/comments?post=175"}],"version-history":[{"count":5,"href":"https:\/\/pulp-production.com\/fr\/wp-json\/wp\/v2\/pages\/175\/revisions"}],"predecessor-version":[{"id":285,"href":"https:\/\/pulp-production.com\/fr\/wp-json\/wp\/v2\/pages\/175\/revisions\/285"}],"wp:attachment":[{"href":"https:\/\/pulp-production.com\/fr\/wp-json\/wp\/v2\/media?parent=175"}],"curies":[{"name":"wp","href":"https:\/\/api.w.org\/{rel}","templated":true}]}}