{"id":170,"date":"2023-03-03T06:13:32","date_gmt":"2023-03-03T05:13:32","guid":{"rendered":"http:\/\/pulp-production.com\/?page_id=170"},"modified":"2025-09-05T09:21:07","modified_gmt":"2025-09-05T07:21:07","slug":"cgv","status":"publish","type":"page","link":"https:\/\/pulp-production.com\/en\/cgv\/","title":{"rendered":"GENERAL TERMS AND CONDITIONS OF SALE"},"content":{"rendered":"<h3>General conditions of sale of Pulp Production<br \/>\n<\/h3>\n<p>PURPOSE AND ACCEPTANCE<\/p>\n<p>The present general conditions of sale apply to all services performed by Pulp Production, hereinafter referred to as \"Pulp\", for the benefit of its customers. Any order placed with Pulp implies the unreserved acceptance of these general conditions of sale. In case of contradiction between these general conditions of sale and the particular conditions agreed with the customer, the latter will prevail.<\/p>\n<p>EDITORIAL RESPONSIBILITY<\/p>\n<p>The client assumes full editorial responsibility for the film once Pulp has accepted and approved it.<\/p>\n<p>RIGHT TO THE IMAGE<\/p>\n<p>In the context of the film and its distribution, Pulp can provide the client with the necessary documents for obtaining the image rights of the extras (clients, staff, suppliers). The client undertakes to present these documents in time for signature by the persons concerned and to forward one of the two signed copies to Pulp for its official archives. The client must inform Pulp of any persons who refuse to appear in the film. Pulp shall not be liable for any failure to do so or for any complaints from extras or other persons or for any damage resulting therefrom.<\/p>\n<p>AUTHOR'S CHANGES - FEE INCREASE<\/p>\n<p>Any changes or additions to the originally budgeted project, including script, sequence of events, editing, production and post-production, which result in an increase in costs and\/or extension of Pulp's administrative, technical and\/or intellectual services, will be billed to the Client at the hourly rates normally charged by Pulp in equivalent circumstances, unless otherwise expressly stipulated by Pulp. Client will be informed on a regular basis of the budgetary changes implied by such changes.<\/p>\n<p>CONDITIONS DE PAIEMENT :<br \/>\nSauf stipulation contraire, nos factures sont payables au grand comptant et sans escompte, avec r\u00e8glement d\u2019un acompte de 50 % du montant total \u00e0 la signature du bon de commande.<br \/>\nL\u2019acompte vers\u00e9 constitue un engagement ferme et d\u00e9finitif du client. En cas d\u2019annulation de la commande par le client, pour quelque raison que ce soit, l\u2019acompte restera acquis \u00e0 titre d\u2019indemnit\u00e9 forfaitaire et ne pourra donner lieu \u00e0 aucun remboursement.<\/p>\n<p>DELIVERY:<br \/>\nUnless otherwise requested, the final project will be sent via a sharing platform such as wetransfer.com<\/p>\n<p>ADVERTISING<\/p>\n<p>Unless otherwise stated, Pulp will sign its productions in the credits of the film. The client explicitly agrees to the distribution of excerpts and the mention of productions made on its behalf by Pulp.<\/p>\n<p>ROYALTIES<\/p>\n<p>Musical and other sources (not free of rights and\/or made within the framework of the project and specified in the contract as such) intended for the production of the film and its reproduction on files, DVD or any other support and its diffusion by all possible means require the payment of royalties. Unless otherwise stated, these costs are not included in the budget and are to be paid by the client. The same can be said for the reproduction of documents, images, texts, paintings, film extracts, monuments.<\/p>\n<p>INSURANCE<\/p>\n<p>Pulp and its staff are insured during its filming and other activities on the client's premises. If the client feels that these coverages are insufficient, they must take out additional insurance with their own company at the appropriate time.<\/p>\n<p>INTELLECTUAL PROPERTY<\/p>\n<p>Unless otherwise agreed<br \/>\nThe client acknowledges and guarantees that all information, documents, elements, contents or works (including graphic, visual, sound, cinematographic or other elements) provided to Pulp Production within the framework of the realization of the film are the property of Pulp Production. The client acknowledges and guarantees that all information, documents, elements, contents or works (including graphic, visual, sound, cinematographic or other elements) provided to Pulp Production within the framework of the realization of the film are the exclusive property of the client or that he has obtained all the necessary rights, licenses, authorizations or approvals to use, exploit and reproduce them in a licit way.<\/p>\n<p>CONFIDENTIALITY<\/p>\n<p>The parties undertake to treat as confidential all information and documents, of whatever nature, relating to the business, customers, technologies, know-how, techniques, working methods, projects and operations of the other party. They undertake not to disclose such information and documents to third parties, except with the prior written consent of the other party. This obligation of confidentiality shall survive the termination of the contract.<\/p>\n<p>JURISDICTION<\/p>\n<p>In case of<br \/>\nThe courts of Brussels, Belgium shall have exclusive jurisdiction.<\/p>","protected":false},"excerpt":{"rendered":"<p>Conditions g\u00e9n\u00e9rales de vente de Pulp Production OBJET ET ACCEPTATION Les pr\u00e9sentes conditions g\u00e9n\u00e9rales de vente s&rsquo;appliquent \u00e0 toutes les prestations r\u00e9alis\u00e9es par Pulp Production, ci-apr\u00e8s d\u00e9nomm\u00e9e \u00ab\u00a0Pulp\u00a0\u00bb, au profit de ses clients. Toute commande pass\u00e9e aupr\u00e8s de Pulp implique l&rsquo;acceptation sans r\u00e9serve des pr\u00e9sentes conditions g\u00e9n\u00e9rales de vente. En cas de contradiction entre les [&hellip;]<\/p>\n","protected":false},"author":2,"featured_media":0,"parent":0,"menu_order":0,"comment_status":"closed","ping_status":"closed","template":"","meta":{"footnotes":""},"class_list":["post-170","page","type-page","status-publish","hentry"],"acf":[],"_links":{"self":[{"href":"https:\/\/pulp-production.com\/en\/wp-json\/wp\/v2\/pages\/170","targetHints":{"allow":["GET"]}}],"collection":[{"href":"https:\/\/pulp-production.com\/en\/wp-json\/wp\/v2\/pages"}],"about":[{"href":"https:\/\/pulp-production.com\/en\/wp-json\/wp\/v2\/types\/page"}],"author":[{"embeddable":true,"href":"https:\/\/pulp-production.com\/en\/wp-json\/wp\/v2\/users\/2"}],"replies":[{"embeddable":true,"href":"https:\/\/pulp-production.com\/en\/wp-json\/wp\/v2\/comments?post=170"}],"version-history":[{"count":11,"href":"https:\/\/pulp-production.com\/en\/wp-json\/wp\/v2\/pages\/170\/revisions"}],"predecessor-version":[{"id":364,"href":"https:\/\/pulp-production.com\/en\/wp-json\/wp\/v2\/pages\/170\/revisions\/364"}],"wp:attachment":[{"href":"https:\/\/pulp-production.com\/en\/wp-json\/wp\/v2\/media?parent=170"}],"curies":[{"name":"wp","href":"https:\/\/api.w.org\/{rel}","templated":true}]}}